{"id":758,"date":"2014-12-11T12:56:55","date_gmt":"2014-12-11T11:56:55","guid":{"rendered":"https:\/\/baobabstories.com\/en\/?page_id=758"},"modified":"2015-01-30T17:15:45","modified_gmt":"2015-01-30T16:15:45","slug":"exhibitions-baobabs","status":"publish","type":"page","link":"https:\/\/baobabstories.com\/en\/activities\/exhibitions-baobabs\/","title":{"rendered":"Exhibitions"},"content":{"rendered":"\n<table id=\"tablepress-3\" class=\"tablepress tablepress-id-3\">\n<thead>\n<tr class=\"row-1\">\n\t<th class=\"column-1\">Date<\/th><th class=\"column-2\">Exhibition<\/th><th class=\"column-3\">Place<\/th>\n<\/tr>\n<\/thead>\n<tbody class=\"row-striping row-hover\">\n<tr class=\"row-2\">\n\t<td class=\"column-1\">06\/2018<\/td><td class=\"column-2\">Baobabs at <a href=\"http:\/\/openairgallery.berlin\/artists-juni.html\">Open Air Gallery<\/a>, Oberbaumbr\u00fccke, Art Event<\/td><td class=\"column-3\">Berlin<\/td>\n<\/tr>\n<tr class=\"row-3\">\n\t<td class=\"column-1\">06\/2018<\/td><td class=\"column-2\">Baobabs at <a href=\"http:\/\/www.miniprintkazanlak.org\/blog\/\">Miniprint Kazanlak<\/a>, Group Exhibition, Kazanlak<\/td><td class=\"column-3\">Bulgaria<\/td>\n<\/tr>\n<tr class=\"row-4\">\n\t<td class=\"column-1\">05 - 07\/2018<\/td><td class=\"column-2\">Baobabs at International Mini Print Biennial, <a href=\"https:\/\/www.flickr.com\/photos\/164534855@N07\/page1\">Seacourt The Centre for Contemporary Printmaking<\/a>, Group Exhibition, Bangor<\/td><td class=\"column-3\">Northern Ireland<\/td>\n<\/tr>\n<tr class=\"row-5\">\n\t<td class=\"column-1\">02 - 04\/2018<\/td><td class=\"column-2\">Baobabs at Exhibition \"The first year\", etchings and aquatint, <a href=\"http:\/\/www.lithowerkstatt-berlin.de\/werkstatt.html\">Werkstatt K\u00fcnstlerische Lithographie<\/a><\/td><td class=\"column-3\">Berlin<\/td>\n<\/tr>\n<tr class=\"row-6\">\n\t<td class=\"column-1\">03 - 04\/2017<\/td><td class=\"column-2\">Baobabs at Group Exhibition \"Close Images - Far Horizons\", Cooperation of Art Association ZPAP Gliwice and Bundesverband f\u00fcr Bildende K\u00fcnstlerinnen und K\u00fcnstler Bonn Rhein\/Sieg<\/td><td class=\"column-3\">Bonn<\/td>\n<\/tr>\n<tr class=\"row-7\">\n\t<td class=\"column-1\">09\/2015<\/td><td class=\"column-2\">Group Exhibition \"Crossing Borders\" (Grenzg\u00e4nger), annual member-exhibition of the Bundesverband f\u00fcr Bildende K\u00fcnstlerinnen und K\u00fcnstler Bonn Rhein\/Sieg<\/td><td class=\"column-3\">Rheinbrohl<\/td>\n<\/tr>\n<tr class=\"row-8\">\n\t<td class=\"column-1\">09 - 10\/2015<\/td><td class=\"column-2\">Baobabs in the group exhibition \"Nahe Bilder - ferne Horizonte\" (close images - far horizons), Bliskie widoki \u2013 Odlegle horyzonty\", K\u00fcnstlerverband ZPAP Gliwice\/Gleiwitz und Bundesverband f\u00fcr Bildende K\u00fcnstlerinnen und K\u00fcnstler Bonn, Rhein-Sieg<\/td><td class=\"column-3\">Gleiwitz (Gliwice), Polen<\/td>\n<\/tr>\n<tr class=\"row-9\">\n\t<td class=\"column-1\">05\/2015<\/td><td class=\"column-2\">Group Exhibition \"New Members\", <a href=\"http:\/\/www.bbk-bonn-rhein-sieg.de\/\">Bundesverband f\u00fcr Bildende K\u00fcnstlerinnen und K\u00fcnstler Bonn, Rhein-Sieg<\/a><\/td><td class=\"column-3\">Remagen<\/td>\n<\/tr>\n<tr class=\"row-10\">\n\t<td class=\"column-1\">09\/2014-11\/2014<\/td><td class=\"column-2\">Exhibition \"Baobabs\", <a href=\"http:\/\/www.umfulana.de\/ueber-umfulana\/projekte\/umfulana-galerie\">Travels Agency Umfulana<\/a><\/td><td class=\"column-3\">K\u00fcrten<\/td>\n<\/tr>\n<tr class=\"row-11\">\n\t<td class=\"column-1\">09\/2014-10\/2014<\/td><td class=\"column-2\">Exhibition \"Animalistic - the Wild and it's Utilization\", <a href=\"http:\/\/www.kunstverein-bad-godesberg.de\/\">Kunstverein Bad Godesberg<\/a><\/td><td class=\"column-3\">Bonn<\/td>\n<\/tr>\n<tr class=\"row-12\">\n\t<td class=\"column-1\">08\/2014<\/td><td class=\"column-2\">Exhibition \"Baobabs - Giants of the Savannah\", <a href=\"http:\/\/www.freundeskreis-flora-koeln.de\/flora2\/\">Flora, Botanical Garden<\/a><\/td><td class=\"column-3\">Cologne<\/td>\n<\/tr>\n<tr class=\"row-13\">\n\t<td class=\"column-1\">04\/2014<\/td><td class=\"column-2\">Group Exhibition \"Art is opinionated\", <a href=\"http:\/\/www.jungesforumkunst.de\/\">Junges Forum Kunst<\/a><\/td><td class=\"column-3\">Siegburg<\/td>\n<\/tr>\n<tr class=\"row-14\">\n\t<td class=\"column-1\">02\/2014<\/td><td class=\"column-2\">Exhibition \"Travel Acquaintances\", Travels Agency <a href=\"http:\/\/www.via-verde-reisen.de\/\">\"Via Verde\"<\/a>, Bad Godesberg<\/td><td class=\"column-3\">Bonn<\/td>\n<\/tr>\n<tr class=\"row-15\">\n\t<td class=\"column-1\">10\/2013-05\/2014<\/td><td class=\"column-2\">Exhibition \"Real Pigs\", <a href=\"https:\/\/www.zfmk.de\/de\">Museum Alexander Koenig<\/a><\/td><td class=\"column-3\">Bonn<\/td>\n<\/tr>\n<tr class=\"row-16\">\n\t<td class=\"column-1\">02\/2013-11\/2013<\/td><td class=\"column-2\">Exhibition \"Travel Acquaintances\", <a href=\"http:\/\/www.koelnerzoo.de\/\">Zoo <\/a><\/td><td class=\"column-3\">Cologne<\/td>\n<\/tr>\n<tr class=\"row-17\">\n\t<td class=\"column-1\">10\/2012-05\/2013<\/td><td class=\"column-2\">Exhibition \"Eye Contact\", <a href=\"https:\/\/www.zfmk.de\/de\">Museum Alexander Koenig<\/a><\/td><td class=\"column-3\">Bonn<\/td>\n<\/tr>\n<tr class=\"row-18\">\n\t<td class=\"column-1\">09\/2010-05\/2011<\/td><td class=\"column-2\">Doctor's Surgery <a href=\"http:\/\/www.saal-hellwig.de\/\">Saal&amp;Hellwig<\/a><\/td><td class=\"column-3\">Koblenz<\/td>\n<\/tr>\n<tr class=\"row-19\">\n\t<td class=\"column-1\">08\/2008<\/td><td class=\"column-2\">Exhibition \"Eye Contact\", <a href=\"http:\/\/www.bonn.de\/familie_gesellschaft_bildung_soziales\/stadtbibliothek\/index.html?lang=de\">City Library Bad Godesberg<\/a><\/td><td class=\"column-3\">Bonn<\/td>\n<\/tr>\n<tr class=\"row-20\">\n\t<td class=\"column-1\">11\/2006<\/td><td class=\"column-2\">Exhibition \"Safari Portraits\", <a href=\"http:\/\/www.bonn.de\/familie_gesellschaft_bildung_soziales\/stadtbibliothek\/index.html?lang=de\">City Library, Bad Godesberg<\/a><\/td><td class=\"column-3\">Bonn<\/td>\n<\/tr>\n<tr class=\"row-21\">\n\t<td class=\"column-1\">05\/2005<\/td><td class=\"column-2\">Group Exhibition, Art and Craftsmarket<\/td><td class=\"column-3\"><a href=\"www.bonn.de\">Bonn<\/a><\/td>\n<\/tr>\n<tr class=\"row-22\">\n\t<td class=\"column-1\">11\/2004<\/td><td class=\"column-2\">Group Exhibition, <a href=\"http:\/\/schloss-hohenstadt.studioo.de\/\">Castle Hohenstadt<\/a>, Ostalbkreis<\/td><td class=\"column-3\">Baden-W\u00fcrttemberg<\/td>\n<\/tr>\n<tr class=\"row-23\">\n\t<td class=\"column-1\">11\/2003<\/td><td class=\"column-2\">Group Exhibition, <a href=\"http:\/\/schloss-hohenstadt.studioo.de\/\">Castle Hohenstadt<\/a>, Ostalbkreis<\/td><td class=\"column-3\">Baden-W\u00fcrttemberg<\/td>\n<\/tr>\n<tr class=\"row-24\">\n\t<td class=\"column-1\">11\/2002<\/td><td class=\"column-2\">Group Exhibition, <a href=\"http:\/\/www.mozart-schloss.com\/\">Mozart Castle Stuppach<\/a><\/td><td class=\"column-3\">Near Vieanna, Austria<\/td>\n<\/tr>\n<tr class=\"row-25\">\n\t<td class=\"column-1\">03\/2002<\/td><td class=\"column-2\">Exhibition \"Frogs inside\"<\/td><td class=\"column-3\">Vienna, Austria<\/td>\n<\/tr>\n<tr class=\"row-26\">\n\t<td class=\"column-1\">1999<\/td><td class=\"column-2\">Group Exhibition<\/td><td class=\"column-3\">Harare, Zimbabwe<\/td>\n<\/tr>\n<\/tbody>\n<\/table>\n<!-- #tablepress-3 from cache -->\n","protected":false},"excerpt":{"rendered":"","protected":false},"author":1,"featured_media":0,"parent":754,"menu_order":0,"comment_status":"open","ping_status":"open","template":"","meta":{"_exactmetrics_skip_tracking":false,"_exactmetrics_sitenote_active":false,"_exactmetrics_sitenote_note":"","_exactmetrics_sitenote_category":0,"footnotes":""},"class_list":["post-758","page","type-page","status-publish","hentry"],"yoast_head":"<!-- This site is optimized with the Yoast SEO plugin v27.2 - https:\/\/yoast.com\/product\/yoast-seo-wordpress\/ -->\n<title>Exhibitions - Baobab<\/title>\n<meta name=\"robots\" content=\"index, follow, max-snippet:-1, max-image-preview:large, max-video-preview:-1\" \/>\n<link rel=\"canonical\" href=\"https:\/\/baobabstories.com\/en\/activities\/exhibitions-baobabs\/\" \/>\n<meta property=\"og:locale\" content=\"en_US\" \/>\n<meta property=\"og:type\" content=\"article\" \/>\n<meta property=\"og:title\" content=\"Exhibitions - Baobab\" \/>\n<meta property=\"og:url\" content=\"https:\/\/baobabstories.com\/en\/activities\/exhibitions-baobabs\/\" \/>\n<meta property=\"og:site_name\" content=\"Baobab\" \/>\n<meta property=\"article:modified_time\" content=\"2015-01-30T16:15:45+00:00\" \/>\n<script type=\"application\/ld+json\" class=\"yoast-schema-graph\">{\"@context\":\"https:\/\/schema.org\",\"@graph\":[{\"@type\":\"WebPage\",\"@id\":\"https:\/\/baobabstories.com\/en\/activities\/exhibitions-baobabs\/\",\"url\":\"https:\/\/baobabstories.com\/en\/activities\/exhibitions-baobabs\/\",\"name\":\"Exhibitions - Baobab\",\"isPartOf\":{\"@id\":\"https:\/\/baobabstories.com\/en\/#website\"},\"datePublished\":\"2014-12-11T11:56:55+00:00\",\"dateModified\":\"2015-01-30T16:15:45+00:00\",\"breadcrumb\":{\"@id\":\"https:\/\/baobabstories.com\/en\/activities\/exhibitions-baobabs\/#breadcrumb\"},\"inLanguage\":\"en-US\",\"potentialAction\":[{\"@type\":\"ReadAction\",\"target\":[\"https:\/\/baobabstories.com\/en\/activities\/exhibitions-baobabs\/\"]}]},{\"@type\":\"BreadcrumbList\",\"@id\":\"https:\/\/baobabstories.com\/en\/activities\/exhibitions-baobabs\/#breadcrumb\",\"itemListElement\":[{\"@type\":\"ListItem\",\"position\":1,\"name\":\"Home\",\"item\":\"https:\/\/baobabstories.com\/en\/\"},{\"@type\":\"ListItem\",\"position\":2,\"name\":\"Activities\",\"item\":\"https:\/\/baobabstories.com\/en\/activities\/\"},{\"@type\":\"ListItem\",\"position\":3,\"name\":\"Exhibitions\"}]},{\"@type\":\"WebSite\",\"@id\":\"https:\/\/baobabstories.com\/en\/#website\",\"url\":\"https:\/\/baobabstories.com\/en\/\",\"name\":\"Baobab\",\"description\":\"Stories about the African Tree of Life\",\"potentialAction\":[{\"@type\":\"SearchAction\",\"target\":{\"@type\":\"EntryPoint\",\"urlTemplate\":\"https:\/\/baobabstories.com\/en\/?s={search_term_string}\"},\"query-input\":{\"@type\":\"PropertyValueSpecification\",\"valueRequired\":true,\"valueName\":\"search_term_string\"}}],\"inLanguage\":\"en-US\"}]}<\/script>\n<!-- \/ Yoast SEO plugin. -->","yoast_head_json":{"title":"Exhibitions - Baobab","robots":{"index":"index","follow":"follow","max-snippet":"max-snippet:-1","max-image-preview":"max-image-preview:large","max-video-preview":"max-video-preview:-1"},"canonical":"https:\/\/baobabstories.com\/en\/activities\/exhibitions-baobabs\/","og_locale":"en_US","og_type":"article","og_title":"Exhibitions - Baobab","og_url":"https:\/\/baobabstories.com\/en\/activities\/exhibitions-baobabs\/","og_site_name":"Baobab","article_modified_time":"2015-01-30T16:15:45+00:00","schema":{"@context":"https:\/\/schema.org","@graph":[{"@type":"WebPage","@id":"https:\/\/baobabstories.com\/en\/activities\/exhibitions-baobabs\/","url":"https:\/\/baobabstories.com\/en\/activities\/exhibitions-baobabs\/","name":"Exhibitions - Baobab","isPartOf":{"@id":"https:\/\/baobabstories.com\/en\/#website"},"datePublished":"2014-12-11T11:56:55+00:00","dateModified":"2015-01-30T16:15:45+00:00","breadcrumb":{"@id":"https:\/\/baobabstories.com\/en\/activities\/exhibitions-baobabs\/#breadcrumb"},"inLanguage":"en-US","potentialAction":[{"@type":"ReadAction","target":["https:\/\/baobabstories.com\/en\/activities\/exhibitions-baobabs\/"]}]},{"@type":"BreadcrumbList","@id":"https:\/\/baobabstories.com\/en\/activities\/exhibitions-baobabs\/#breadcrumb","itemListElement":[{"@type":"ListItem","position":1,"name":"Home","item":"https:\/\/baobabstories.com\/en\/"},{"@type":"ListItem","position":2,"name":"Activities","item":"https:\/\/baobabstories.com\/en\/activities\/"},{"@type":"ListItem","position":3,"name":"Exhibitions"}]},{"@type":"WebSite","@id":"https:\/\/baobabstories.com\/en\/#website","url":"https:\/\/baobabstories.com\/en\/","name":"Baobab","description":"Stories about the African Tree of Life","potentialAction":[{"@type":"SearchAction","target":{"@type":"EntryPoint","urlTemplate":"https:\/\/baobabstories.com\/en\/?s={search_term_string}"},"query-input":{"@type":"PropertyValueSpecification","valueRequired":true,"valueName":"search_term_string"}}],"inLanguage":"en-US"}]}},"_links":{"self":[{"href":"https:\/\/baobabstories.com\/en\/wp-json\/wp\/v2\/pages\/758","targetHints":{"allow":["GET"]}}],"collection":[{"href":"https:\/\/baobabstories.com\/en\/wp-json\/wp\/v2\/pages"}],"about":[{"href":"https:\/\/baobabstories.com\/en\/wp-json\/wp\/v2\/types\/page"}],"author":[{"embeddable":true,"href":"https:\/\/baobabstories.com\/en\/wp-json\/wp\/v2\/users\/1"}],"replies":[{"embeddable":true,"href":"https:\/\/baobabstories.com\/en\/wp-json\/wp\/v2\/comments?post=758"}],"version-history":[{"count":4,"href":"https:\/\/baobabstories.com\/en\/wp-json\/wp\/v2\/pages\/758\/revisions"}],"predecessor-version":[{"id":945,"href":"https:\/\/baobabstories.com\/en\/wp-json\/wp\/v2\/pages\/758\/revisions\/945"}],"up":[{"embeddable":true,"href":"https:\/\/baobabstories.com\/en\/wp-json\/wp\/v2\/pages\/754"}],"wp:attachment":[{"href":"https:\/\/baobabstories.com\/en\/wp-json\/wp\/v2\/media?parent=758"}],"curies":[{"name":"wp","href":"https:\/\/api.w.org\/{rel}","templated":true}]}}